{"id":11511,"date":"2024-08-22T11:15:50","date_gmt":"2024-08-22T07:45:50","guid":{"rendered":"https:\/\/art-venus.com\/product\/ghoghnoos\/"},"modified":"2024-08-22T11:15:50","modified_gmt":"2024-08-22T07:45:50","slug":"ghoghnoos","status":"publish","type":"product","link":"https:\/\/art-venus.com\/fr\/produit\/ghoghnoos\/","title":{"rendered":"Ghoghnoos"},"content":{"rendered":"<p style=\"text-align: center;\">Pour acheter un jeton NFT valide de cette \u0153uvre d&rsquo;art sur la plateforme fiable de Rarible, cliquez simplement sur le lien ci-dessous<\/p>\n<p style=\"text-align: center;\"><a href=\"https:\/\/rarible.com\/VenusArastoonejad\/\" target=\"_blank\" rel=\"nofollow noopener\">https:\/\/rarible.com\/VenusArastoonejad\/<\/a><\/p>\n","protected":false},"excerpt":{"rendered":"<p>Un ph\u00e9nix s&rsquo;\u00e9levant de la plan\u00e8te ail\u00e9e en feu, la plan\u00e8te Nibiru<\/p>\n","protected":false},"featured_media":11512,"template":"","meta":[],"product_brand":[],"product_cat":[105],"product_tag":[118,111],"class_list":{"0":"post-11511","1":"product","2":"type-product","3":"status-publish","4":"has-post-thumbnail","6":"product_cat-art-fr","7":"product_tag-nft-fr","8":"product_tag-original-fr","10":"first","11":"instock","12":"sold-individually","13":"shipping-taxable","14":"purchasable","15":"product-type-simple"},"_links":{"self":[{"href":"https:\/\/art-venus.com\/fr\/wp-json\/wp\/v2\/product\/11511","targetHints":{"allow":["GET"]}}],"collection":[{"href":"https:\/\/art-venus.com\/fr\/wp-json\/wp\/v2\/product"}],"about":[{"href":"https:\/\/art-venus.com\/fr\/wp-json\/wp\/v2\/types\/product"}],"wp:featuredmedia":[{"embeddable":true,"href":"https:\/\/art-venus.com\/fr\/wp-json\/wp\/v2\/media\/11512"}],"wp:attachment":[{"href":"https:\/\/art-venus.com\/fr\/wp-json\/wp\/v2\/media?parent=11511"}],"wp:term":[{"taxonomy":"product_brand","embeddable":true,"href":"https:\/\/art-venus.com\/fr\/wp-json\/wp\/v2\/product_brand?post=11511"},{"taxonomy":"product_cat","embeddable":true,"href":"https:\/\/art-venus.com\/fr\/wp-json\/wp\/v2\/product_cat?post=11511"},{"taxonomy":"product_tag","embeddable":true,"href":"https:\/\/art-venus.com\/fr\/wp-json\/wp\/v2\/product_tag?post=11511"}],"curies":[{"name":"wp","href":"https:\/\/api.w.org\/{rel}","templated":true}]}}