{"id":11499,"date":"2024-08-22T11:16:36","date_gmt":"2024-08-22T07:46:36","guid":{"rendered":"https:\/\/art-venus.com\/product\/business\/"},"modified":"2024-08-22T11:16:36","modified_gmt":"2024-08-22T07:46:36","slug":"business","status":"publish","type":"product","link":"https:\/\/art-venus.com\/fr\/produit\/business\/","title":{"rendered":"Business"},"content":{"rendered":"<p style=\"text-align: center;\">Pour acheter un jeton NFT valide de cette \u0153uvre d&rsquo;art sur la plateforme fiable de Rarible, cliquez simplement sur le lien ci-dessous<\/p>\n<p style=\"text-align: center;\"><a href=\"https:\/\/rarible.com\/VenusArastoonejad\/\" target=\"_blank\" rel=\"nofollow noopener\">https:\/\/rarible.com\/VenusArastoonejad\/<\/a><\/p>\n","protected":false},"excerpt":{"rendered":"<p>Un soutien solide, un marketing professionnel, un investissement \u00e9norme, une publicit\u00e9 \u00e9tendue, une motivation de r\u00e9ussite et, surtout, une \u00e9quipe honn\u00eate<\/p>\n","protected":false},"featured_media":11500,"template":"","meta":[],"product_brand":[],"product_cat":[105],"product_tag":[118],"class_list":{"0":"post-11499","1":"product","2":"type-product","3":"status-publish","4":"has-post-thumbnail","6":"product_cat-art-fr","7":"product_tag-nft-fr","9":"first","10":"instock","11":"virtual","12":"sold-individually","13":"purchasable","14":"product-type-simple"},"_links":{"self":[{"href":"https:\/\/art-venus.com\/fr\/wp-json\/wp\/v2\/product\/11499","targetHints":{"allow":["GET"]}}],"collection":[{"href":"https:\/\/art-venus.com\/fr\/wp-json\/wp\/v2\/product"}],"about":[{"href":"https:\/\/art-venus.com\/fr\/wp-json\/wp\/v2\/types\/product"}],"wp:featuredmedia":[{"embeddable":true,"href":"https:\/\/art-venus.com\/fr\/wp-json\/wp\/v2\/media\/11500"}],"wp:attachment":[{"href":"https:\/\/art-venus.com\/fr\/wp-json\/wp\/v2\/media?parent=11499"}],"wp:term":[{"taxonomy":"product_brand","embeddable":true,"href":"https:\/\/art-venus.com\/fr\/wp-json\/wp\/v2\/product_brand?post=11499"},{"taxonomy":"product_cat","embeddable":true,"href":"https:\/\/art-venus.com\/fr\/wp-json\/wp\/v2\/product_cat?post=11499"},{"taxonomy":"product_tag","embeddable":true,"href":"https:\/\/art-venus.com\/fr\/wp-json\/wp\/v2\/product_tag?post=11499"}],"curies":[{"name":"wp","href":"https:\/\/api.w.org\/{rel}","templated":true}]}}