{"id":11487,"date":"2024-08-22T11:24:49","date_gmt":"2024-08-22T07:54:49","guid":{"rendered":"https:\/\/art-venus.com\/product\/razzmatazz\/"},"modified":"2024-08-22T11:24:49","modified_gmt":"2024-08-22T07:54:49","slug":"razzmatazz","status":"publish","type":"product","link":"https:\/\/art-venus.com\/fr\/produit\/razzmatazz\/","title":{"rendered":"Razzmatazz"},"content":{"rendered":"<p style=\"text-align: center;\">Pour acheter un jeton NFT valide de cette \u0153uvre d&rsquo;art sur la plateforme fiable de Rarible, cliquez simplement sur le lien ci-dessous<\/p>\n<p style=\"text-align: center;\"><a href=\"https:\/\/rarible.com\/VenusArastoonejad\/\" target=\"_blank\" rel=\"nofollow noopener\">https:\/\/rarible.com\/VenusArastoonejad\/<\/a><\/p>\n","protected":false},"excerpt":{"rendered":"<p>R\u00e9flexion addictive sur le rock, fr\u00e9quences attrayantes de la musique rock repr\u00e9sent\u00e9es dans les veines remarquables de cette pi\u00e8ce, fr\u00e9quence addictive avec soulagement de l&rsquo;excitation<\/p>\n","protected":false},"featured_media":11488,"template":"","meta":[],"product_brand":[],"product_cat":[105],"product_tag":[118,111],"class_list":{"0":"post-11487","1":"product","2":"type-product","3":"status-publish","4":"has-post-thumbnail","6":"product_cat-art-fr","7":"product_tag-nft-fr","8":"product_tag-original-fr","10":"first","11":"instock","12":"sold-individually","13":"shipping-taxable","14":"purchasable","15":"product-type-simple"},"_links":{"self":[{"href":"https:\/\/art-venus.com\/fr\/wp-json\/wp\/v2\/product\/11487","targetHints":{"allow":["GET"]}}],"collection":[{"href":"https:\/\/art-venus.com\/fr\/wp-json\/wp\/v2\/product"}],"about":[{"href":"https:\/\/art-venus.com\/fr\/wp-json\/wp\/v2\/types\/product"}],"wp:featuredmedia":[{"embeddable":true,"href":"https:\/\/art-venus.com\/fr\/wp-json\/wp\/v2\/media\/11488"}],"wp:attachment":[{"href":"https:\/\/art-venus.com\/fr\/wp-json\/wp\/v2\/media?parent=11487"}],"wp:term":[{"taxonomy":"product_brand","embeddable":true,"href":"https:\/\/art-venus.com\/fr\/wp-json\/wp\/v2\/product_brand?post=11487"},{"taxonomy":"product_cat","embeddable":true,"href":"https:\/\/art-venus.com\/fr\/wp-json\/wp\/v2\/product_cat?post=11487"},{"taxonomy":"product_tag","embeddable":true,"href":"https:\/\/art-venus.com\/fr\/wp-json\/wp\/v2\/product_tag?post=11487"}],"curies":[{"name":"wp","href":"https:\/\/api.w.org\/{rel}","templated":true}]}}