{"id":11463,"date":"2024-08-22T11:43:57","date_gmt":"2024-08-22T08:13:57","guid":{"rendered":"https:\/\/art-venus.com\/product\/garden\/"},"modified":"2024-08-22T11:43:57","modified_gmt":"2024-08-22T08:13:57","slug":"garden","status":"publish","type":"product","link":"https:\/\/art-venus.com\/fr\/produit\/garden\/","title":{"rendered":"Garden"},"content":{"rendered":"<p style=\"text-align: center;\">Pour acheter un jeton NFT valide de cette \u0153uvre d&rsquo;art sur la plateforme fiable de Rarible, cliquez simplement sur le lien ci-dessous<\/p>\n<p style=\"text-align: center;\"><a href=\"https:\/\/rarible.com\/VenusArastoonejad\/\" target=\"_blank\" rel=\"nofollow noopener\">https:\/\/rarible.com\/VenusArastoonejad\/<\/a><\/p>\n","protected":false},"excerpt":{"rendered":"<p>Dans cette \u0153uvre, le chaos est repr\u00e9sent\u00e9 dans le jardin le plus c\u00e9l\u00e8bre du monde<\/p>\n","protected":false},"featured_media":11464,"template":"","meta":[],"product_brand":[],"product_cat":[105],"product_tag":[118,111],"class_list":{"0":"post-11463","1":"product","2":"type-product","3":"status-publish","4":"has-post-thumbnail","6":"product_cat-art-fr","7":"product_tag-nft-fr","8":"product_tag-original-fr","10":"first","11":"instock","12":"sold-individually","13":"shipping-taxable","14":"purchasable","15":"product-type-simple"},"_links":{"self":[{"href":"https:\/\/art-venus.com\/fr\/wp-json\/wp\/v2\/product\/11463","targetHints":{"allow":["GET"]}}],"collection":[{"href":"https:\/\/art-venus.com\/fr\/wp-json\/wp\/v2\/product"}],"about":[{"href":"https:\/\/art-venus.com\/fr\/wp-json\/wp\/v2\/types\/product"}],"wp:featuredmedia":[{"embeddable":true,"href":"https:\/\/art-venus.com\/fr\/wp-json\/wp\/v2\/media\/11464"}],"wp:attachment":[{"href":"https:\/\/art-venus.com\/fr\/wp-json\/wp\/v2\/media?parent=11463"}],"wp:term":[{"taxonomy":"product_brand","embeddable":true,"href":"https:\/\/art-venus.com\/fr\/wp-json\/wp\/v2\/product_brand?post=11463"},{"taxonomy":"product_cat","embeddable":true,"href":"https:\/\/art-venus.com\/fr\/wp-json\/wp\/v2\/product_cat?post=11463"},{"taxonomy":"product_tag","embeddable":true,"href":"https:\/\/art-venus.com\/fr\/wp-json\/wp\/v2\/product_tag?post=11463"}],"curies":[{"name":"wp","href":"https:\/\/api.w.org\/{rel}","templated":true}]}}