{"id":11453,"date":"2024-08-22T11:47:34","date_gmt":"2024-08-22T08:17:34","guid":{"rendered":"https:\/\/art-venus.com\/product\/sixth-sense\/"},"modified":"2024-08-22T11:47:34","modified_gmt":"2024-08-22T08:17:34","slug":"sixth-sense","status":"publish","type":"product","link":"https:\/\/art-venus.com\/fr\/produit\/sixth-sense\/","title":{"rendered":"Sixth Sense"},"content":{"rendered":"<p style=\"text-align: center;\">Pour acheter un jeton NFT valide de cette \u0153uvre d&rsquo;art sur la plateforme fiable de Rarible, cliquez simplement sur le lien ci-dessous<\/p>\n<p style=\"text-align: center;\"><a href=\"https:\/\/rarible.com\/VenusArastoonejad\/\" target=\"_blank\" rel=\"nofollow noopener\">https:\/\/rarible.com\/VenusArastoonejad\/<\/a><\/p>\n","protected":false},"excerpt":{"rendered":"<p>Le sixi\u00e8me sens est le pouls pulsatoire et le p\u00e8re de tous les sens humains, qui dans cette \u0153uvre, cinq c\u0153urs avec trente-neuf m\u00e9t\u00e9ores autour du panneau vous guideront vers la destination du sixi\u00e8me pouls pulsatoire de l&rsquo;homme, le sixi\u00e8me sens.<\/p>\n","protected":false},"featured_media":11454,"template":"","meta":[],"product_brand":[],"product_cat":[105],"product_tag":[118],"class_list":{"0":"post-11453","1":"product","2":"type-product","3":"status-publish","4":"has-post-thumbnail","6":"product_cat-art-fr","7":"product_tag-nft-fr","9":"first","10":"instock","11":"virtual","12":"sold-individually","13":"purchasable","14":"product-type-simple"},"_links":{"self":[{"href":"https:\/\/art-venus.com\/fr\/wp-json\/wp\/v2\/product\/11453","targetHints":{"allow":["GET"]}}],"collection":[{"href":"https:\/\/art-venus.com\/fr\/wp-json\/wp\/v2\/product"}],"about":[{"href":"https:\/\/art-venus.com\/fr\/wp-json\/wp\/v2\/types\/product"}],"wp:featuredmedia":[{"embeddable":true,"href":"https:\/\/art-venus.com\/fr\/wp-json\/wp\/v2\/media\/11454"}],"wp:attachment":[{"href":"https:\/\/art-venus.com\/fr\/wp-json\/wp\/v2\/media?parent=11453"}],"wp:term":[{"taxonomy":"product_brand","embeddable":true,"href":"https:\/\/art-venus.com\/fr\/wp-json\/wp\/v2\/product_brand?post=11453"},{"taxonomy":"product_cat","embeddable":true,"href":"https:\/\/art-venus.com\/fr\/wp-json\/wp\/v2\/product_cat?post=11453"},{"taxonomy":"product_tag","embeddable":true,"href":"https:\/\/art-venus.com\/fr\/wp-json\/wp\/v2\/product_tag?post=11453"}],"curies":[{"name":"wp","href":"https:\/\/api.w.org\/{rel}","templated":true}]}}