{"id":11451,"date":"2024-08-22T11:48:13","date_gmt":"2024-08-22T08:18:13","guid":{"rendered":"https:\/\/art-venus.com\/product\/love\/"},"modified":"2024-08-22T11:48:13","modified_gmt":"2024-08-22T08:18:13","slug":"love","status":"publish","type":"product","link":"https:\/\/art-venus.com\/fr\/produit\/love\/","title":{"rendered":"Love"},"content":{"rendered":"<p style=\"text-align: center;\">Pour acheter un jeton NFT valide de cette \u0153uvre d&rsquo;art sur la plateforme fiable de Rarible, cliquez simplement sur le lien ci-dessous<\/p>\n<p style=\"text-align: center;\"><a href=\"https:\/\/rarible.com\/VenusArastoonejad\/\" target=\"_blank\" rel=\"nofollow noopener\">https:\/\/rarible.com\/VenusArastoonejad\/<\/a><\/p>\n","protected":false},"excerpt":{"rendered":"<p>L&rsquo;amour compliqu\u00e9 dans tout mon c\u0153ur est la racine de la m\u00e8re, la racine forte et montante, qui d\u00e9peint l&rsquo;amour avec des racines fortes et de longues branches glac\u00e9es dans cette \u0153uvre.<\/p>\n","protected":false},"featured_media":11452,"template":"","meta":[],"product_brand":[],"product_cat":[105],"product_tag":[118],"class_list":{"0":"post-11451","1":"product","2":"type-product","3":"status-publish","4":"has-post-thumbnail","6":"product_cat-art-fr","7":"product_tag-nft-fr","9":"first","10":"instock","11":"virtual","12":"sold-individually","13":"purchasable","14":"product-type-simple"},"_links":{"self":[{"href":"https:\/\/art-venus.com\/fr\/wp-json\/wp\/v2\/product\/11451","targetHints":{"allow":["GET"]}}],"collection":[{"href":"https:\/\/art-venus.com\/fr\/wp-json\/wp\/v2\/product"}],"about":[{"href":"https:\/\/art-venus.com\/fr\/wp-json\/wp\/v2\/types\/product"}],"wp:featuredmedia":[{"embeddable":true,"href":"https:\/\/art-venus.com\/fr\/wp-json\/wp\/v2\/media\/11452"}],"wp:attachment":[{"href":"https:\/\/art-venus.com\/fr\/wp-json\/wp\/v2\/media?parent=11451"}],"wp:term":[{"taxonomy":"product_brand","embeddable":true,"href":"https:\/\/art-venus.com\/fr\/wp-json\/wp\/v2\/product_brand?post=11451"},{"taxonomy":"product_cat","embeddable":true,"href":"https:\/\/art-venus.com\/fr\/wp-json\/wp\/v2\/product_cat?post=11451"},{"taxonomy":"product_tag","embeddable":true,"href":"https:\/\/art-venus.com\/fr\/wp-json\/wp\/v2\/product_tag?post=11451"}],"curies":[{"name":"wp","href":"https:\/\/api.w.org\/{rel}","templated":true}]}}