{"id":11360,"date":"2024-08-21T10:11:13","date_gmt":"2024-08-21T06:41:13","guid":{"rendered":"https:\/\/art-venus.com\/product\/trust-me\/"},"modified":"2024-08-21T10:11:13","modified_gmt":"2024-08-21T06:41:13","slug":"trust-me","status":"publish","type":"product","link":"https:\/\/art-venus.com\/es\/producto\/trust-me\/","title":{"rendered":"Trust Me"},"content":{"rendered":"<p style=\"text-align: center;\">Para comprar un token NFT v\u00e1lido de esta obra de arte desde la confiable plataforma de Rarible, simplemente haga clic en el siguiente enlace<\/p>\n<p style=\"text-align: center;\"><a href=\"https:\/\/rarible.com\/VenusArastoonejad\/\" target=\"_blank\" rel=\"nofollow noopener\">https:\/\/rarible.com\/VenusArastoonejad\/<\/a><\/p>\n","protected":false},"excerpt":{"rendered":"<p>En la tierra sin color detr\u00e1s de tu eternidad de muerte y nada, conf\u00eda en m\u00ed cuando tu alma te abandone.<\/p>\n","protected":false},"featured_media":10739,"template":"","meta":[],"product_brand":[],"product_cat":[107],"product_tag":[120],"class_list":{"0":"post-11360","1":"product","2":"type-product","3":"status-publish","4":"has-post-thumbnail","6":"product_cat-art-es","7":"product_tag-nft-es","9":"first","10":"instock","11":"virtual","12":"sold-individually","13":"purchasable","14":"product-type-simple"},"_links":{"self":[{"href":"https:\/\/art-venus.com\/es\/wp-json\/wp\/v2\/product\/11360","targetHints":{"allow":["GET"]}}],"collection":[{"href":"https:\/\/art-venus.com\/es\/wp-json\/wp\/v2\/product"}],"about":[{"href":"https:\/\/art-venus.com\/es\/wp-json\/wp\/v2\/types\/product"}],"wp:featuredmedia":[{"embeddable":true,"href":"https:\/\/art-venus.com\/es\/wp-json\/wp\/v2\/media\/10739"}],"wp:attachment":[{"href":"https:\/\/art-venus.com\/es\/wp-json\/wp\/v2\/media?parent=11360"}],"wp:term":[{"taxonomy":"product_brand","embeddable":true,"href":"https:\/\/art-venus.com\/es\/wp-json\/wp\/v2\/product_brand?post=11360"},{"taxonomy":"product_cat","embeddable":true,"href":"https:\/\/art-venus.com\/es\/wp-json\/wp\/v2\/product_cat?post=11360"},{"taxonomy":"product_tag","embeddable":true,"href":"https:\/\/art-venus.com\/es\/wp-json\/wp\/v2\/product_tag?post=11360"}],"curies":[{"name":"wp","href":"https:\/\/api.w.org\/{rel}","templated":true}]}}