{"id":11346,"date":"2024-08-22T11:13:57","date_gmt":"2024-08-22T07:43:57","guid":{"rendered":"https:\/\/art-venus.com\/product\/sex\/"},"modified":"2024-08-22T11:13:57","modified_gmt":"2024-08-22T07:43:57","slug":"sex","status":"publish","type":"product","link":"https:\/\/art-venus.com\/es\/producto\/sex\/","title":{"rendered":"Sex"},"content":{"rendered":"<p style=\"text-align: center;\">Para comprar un token NFT v\u00e1lido de esta obra de arte desde la confiable plataforma de Rarible, simplemente haga clic en el siguiente enlace<\/p>\n<p style=\"text-align: center;\"><a href=\"https:\/\/rarible.com\/VenusArastoonejad\/\" target=\"_blank\" rel=\"nofollow noopener\">https:\/\/rarible.com\/VenusArastoonejad\/<\/a><\/p>\n","protected":false},"excerpt":{"rendered":"<p>Plataforma de sexo Fast Love, la deliciosa venganza del cerebro contra el cuerpo, el \u00faltimo episodio de las emociones, la satisfacci\u00f3n del pensamiento sediento del paciente, el segundo m\u00e1s profundo, la contracci\u00f3n m\u00e1s placentera frente al final de ti y otro comienzo.<\/p>\n","protected":false},"featured_media":10697,"template":"","meta":[],"product_brand":[],"product_cat":[107],"product_tag":[120],"class_list":{"0":"post-11346","1":"product","2":"type-product","3":"status-publish","4":"has-post-thumbnail","6":"product_cat-art-es","7":"product_tag-nft-es","9":"first","10":"instock","11":"virtual","12":"sold-individually","13":"purchasable","14":"product-type-simple"},"_links":{"self":[{"href":"https:\/\/art-venus.com\/es\/wp-json\/wp\/v2\/product\/11346","targetHints":{"allow":["GET"]}}],"collection":[{"href":"https:\/\/art-venus.com\/es\/wp-json\/wp\/v2\/product"}],"about":[{"href":"https:\/\/art-venus.com\/es\/wp-json\/wp\/v2\/types\/product"}],"wp:featuredmedia":[{"embeddable":true,"href":"https:\/\/art-venus.com\/es\/wp-json\/wp\/v2\/media\/10697"}],"wp:attachment":[{"href":"https:\/\/art-venus.com\/es\/wp-json\/wp\/v2\/media?parent=11346"}],"wp:term":[{"taxonomy":"product_brand","embeddable":true,"href":"https:\/\/art-venus.com\/es\/wp-json\/wp\/v2\/product_brand?post=11346"},{"taxonomy":"product_cat","embeddable":true,"href":"https:\/\/art-venus.com\/es\/wp-json\/wp\/v2\/product_cat?post=11346"},{"taxonomy":"product_tag","embeddable":true,"href":"https:\/\/art-venus.com\/es\/wp-json\/wp\/v2\/product_tag?post=11346"}],"curies":[{"name":"wp","href":"https:\/\/api.w.org\/{rel}","templated":true}]}}