{"id":11326,"date":"2024-08-22T11:24:49","date_gmt":"2024-08-22T07:54:49","guid":{"rendered":"https:\/\/art-venus.com\/product\/razzmatazz\/"},"modified":"2024-08-22T11:24:49","modified_gmt":"2024-08-22T07:54:49","slug":"razzmatazz","status":"publish","type":"product","link":"https:\/\/art-venus.com\/es\/producto\/razzmatazz\/","title":{"rendered":"Razzmatazz"},"content":{"rendered":"<p style=\"text-align: center;\">Para comprar un token NFT v\u00e1lido de esta obra de arte desde la confiable plataforma de Rarible, simplemente haga clic en el siguiente enlace<\/p>\n<p style=\"text-align: center;\"><a href=\"https:\/\/rarible.com\/VenusArastoonejad\/\" target=\"_blank\" rel=\"nofollow noopener\">https:\/\/rarible.com\/VenusArastoonejad\/<\/a><\/p>\n","protected":false},"excerpt":{"rendered":"<p>Reflexi\u00f3n adictiva del rock, frecuencias atractivas de la m\u00fasica rock representadas en vetas notables de esta pieza, frecuencia adictiva con alivio de la emoci\u00f3n.<\/p>\n","protected":false},"featured_media":10667,"template":"","meta":[],"product_brand":[],"product_cat":[107],"product_tag":[120,112],"class_list":{"0":"post-11326","1":"product","2":"type-product","3":"status-publish","4":"has-post-thumbnail","6":"product_cat-art-es","7":"product_tag-nft-es","8":"product_tag-original-es","10":"first","11":"instock","12":"sold-individually","13":"shipping-taxable","14":"purchasable","15":"product-type-simple"},"_links":{"self":[{"href":"https:\/\/art-venus.com\/es\/wp-json\/wp\/v2\/product\/11326","targetHints":{"allow":["GET"]}}],"collection":[{"href":"https:\/\/art-venus.com\/es\/wp-json\/wp\/v2\/product"}],"about":[{"href":"https:\/\/art-venus.com\/es\/wp-json\/wp\/v2\/types\/product"}],"wp:featuredmedia":[{"embeddable":true,"href":"https:\/\/art-venus.com\/es\/wp-json\/wp\/v2\/media\/10667"}],"wp:attachment":[{"href":"https:\/\/art-venus.com\/es\/wp-json\/wp\/v2\/media?parent=11326"}],"wp:term":[{"taxonomy":"product_brand","embeddable":true,"href":"https:\/\/art-venus.com\/es\/wp-json\/wp\/v2\/product_brand?post=11326"},{"taxonomy":"product_cat","embeddable":true,"href":"https:\/\/art-venus.com\/es\/wp-json\/wp\/v2\/product_cat?post=11326"},{"taxonomy":"product_tag","embeddable":true,"href":"https:\/\/art-venus.com\/es\/wp-json\/wp\/v2\/product_tag?post=11326"}],"curies":[{"name":"wp","href":"https:\/\/api.w.org\/{rel}","templated":true}]}}