{"id":11325,"date":"2024-08-22T11:25:34","date_gmt":"2024-08-22T07:55:34","guid":{"rendered":"https:\/\/art-venus.com\/product\/you\/"},"modified":"2024-08-22T11:25:34","modified_gmt":"2024-08-22T07:55:34","slug":"you","status":"publish","type":"product","link":"https:\/\/art-venus.com\/es\/producto\/you\/","title":{"rendered":"You"},"content":{"rendered":"<p style=\"text-align: center;\">Para comprar un token NFT v\u00e1lido de esta obra de arte desde la confiable plataforma de Rarible, simplemente haga clic en el siguiente enlace<\/p>\n<p style=\"text-align: center;\"><a href=\"https:\/\/rarible.com\/VenusArastoonejad\/\" target=\"_blank\" rel=\"nofollow noopener\">https:\/\/rarible.com\/VenusArastoonejad\/<\/a><\/p>\n","protected":false},"excerpt":{"rendered":"<p>Eres el punto m\u00e1s negro de mi inmortalidad, la estaci\u00f3n m\u00e1s fr\u00eda de mi nombre, el tacto m\u00e1s amargo del cuerpo, el abanico m\u00e1s hip\u00f3crita, la mente m\u00e1s oscura y abandonada, eres la voz m\u00e1s profunda del rub\u00ed negro.<\/p>\n","protected":false},"featured_media":10781,"template":"","meta":[],"product_brand":[],"product_cat":[107],"product_tag":[120],"class_list":{"0":"post-11325","1":"product","2":"type-product","3":"status-publish","4":"has-post-thumbnail","6":"product_cat-art-es","7":"product_tag-nft-es","9":"first","10":"instock","11":"virtual","12":"sold-individually","13":"purchasable","14":"product-type-simple"},"_links":{"self":[{"href":"https:\/\/art-venus.com\/es\/wp-json\/wp\/v2\/product\/11325","targetHints":{"allow":["GET"]}}],"collection":[{"href":"https:\/\/art-venus.com\/es\/wp-json\/wp\/v2\/product"}],"about":[{"href":"https:\/\/art-venus.com\/es\/wp-json\/wp\/v2\/types\/product"}],"wp:featuredmedia":[{"embeddable":true,"href":"https:\/\/art-venus.com\/es\/wp-json\/wp\/v2\/media\/10781"}],"wp:attachment":[{"href":"https:\/\/art-venus.com\/es\/wp-json\/wp\/v2\/media?parent=11325"}],"wp:term":[{"taxonomy":"product_brand","embeddable":true,"href":"https:\/\/art-venus.com\/es\/wp-json\/wp\/v2\/product_brand?post=11325"},{"taxonomy":"product_cat","embeddable":true,"href":"https:\/\/art-venus.com\/es\/wp-json\/wp\/v2\/product_cat?post=11325"},{"taxonomy":"product_tag","embeddable":true,"href":"https:\/\/art-venus.com\/es\/wp-json\/wp\/v2\/product_tag?post=11325"}],"curies":[{"name":"wp","href":"https:\/\/api.w.org\/{rel}","templated":true}]}}