{"id":11283,"date":"2024-08-22T12:09:32","date_gmt":"2024-08-22T08:39:32","guid":{"rendered":"https:\/\/art-venus.com\/product\/aram-river\/"},"modified":"2024-08-22T12:09:32","modified_gmt":"2024-08-22T08:39:32","slug":"aram-river","status":"publish","type":"product","link":"https:\/\/art-venus.com\/es\/producto\/aram-river\/","title":{"rendered":"Aram River"},"content":{"rendered":"<p style=\"text-align: center;\">Para comprar un token NFT v\u00e1lido de esta obra de arte desde la confiable plataforma de Rarible, simplemente haga clic en el siguiente enlace<\/p>\n<p style=\"text-align: center;\"><a href=\"https:\/\/rarible.com\/VenusArastoonejad\/\" target=\"_blank\" rel=\"nofollow noopener\">https:\/\/rarible.com\/VenusArastoonejad\/<\/a><\/p>\n","protected":false},"excerpt":{"rendered":"<p>Dios del arte, el r\u00edo Aram m\u00e1s arrogante, \u00fanico apoyo mundial, hasta el \u00faltimo momento todo lo que soy est\u00e1 dedicado a ti.<\/p>\n","protected":false},"featured_media":10505,"template":"","meta":[],"product_brand":[],"product_cat":[107],"product_tag":[120],"class_list":{"0":"post-11283","1":"product","2":"type-product","3":"status-publish","4":"has-post-thumbnail","6":"product_cat-art-es","7":"product_tag-nft-es","9":"first","10":"instock","11":"virtual","12":"sold-individually","13":"purchasable","14":"product-type-simple"},"_links":{"self":[{"href":"https:\/\/art-venus.com\/es\/wp-json\/wp\/v2\/product\/11283","targetHints":{"allow":["GET"]}}],"collection":[{"href":"https:\/\/art-venus.com\/es\/wp-json\/wp\/v2\/product"}],"about":[{"href":"https:\/\/art-venus.com\/es\/wp-json\/wp\/v2\/types\/product"}],"wp:featuredmedia":[{"embeddable":true,"href":"https:\/\/art-venus.com\/es\/wp-json\/wp\/v2\/media\/10505"}],"wp:attachment":[{"href":"https:\/\/art-venus.com\/es\/wp-json\/wp\/v2\/media?parent=11283"}],"wp:term":[{"taxonomy":"product_brand","embeddable":true,"href":"https:\/\/art-venus.com\/es\/wp-json\/wp\/v2\/product_brand?post=11283"},{"taxonomy":"product_cat","embeddable":true,"href":"https:\/\/art-venus.com\/es\/wp-json\/wp\/v2\/product_cat?post=11283"},{"taxonomy":"product_tag","embeddable":true,"href":"https:\/\/art-venus.com\/es\/wp-json\/wp\/v2\/product_tag?post=11283"}],"curies":[{"name":"wp","href":"https:\/\/api.w.org\/{rel}","templated":true}]}}